{"id":6111,"date":"2019-03-06T03:12:16","date_gmt":"2019-03-06T03:12:16","guid":{"rendered":"https:\/\/pexgol.wirall.com\/about-us\/"},"modified":"2024-07-31T18:30:14","modified_gmt":"2024-07-31T18:30:14","slug":"sobre-nos","status":"publish","type":"page","link":"https:\/\/www.pexgol.com\/pt\/sobre-nos\/","title":{"rendered":"Sobre N\u00f3s"},"content":{"rendered":"\t\t<div data-elementor-type=\"wp-post\" data-elementor-id=\"6111\" class=\"elementor elementor-6111 elementor-30\">\n\t\t\t\t<div class=\"elementor-element elementor-element-4d44563f e-flex e-con-boxed e-con e-parent\" data-id=\"4d44563f\" data-element_type=\"container\" data-e-type=\"container\" data-settings=\"{&quot;background_background&quot;:&quot;classic&quot;,&quot;jet_parallax_layout_list&quot;:[]}\">\n\t\t\t\t\t<div class=\"e-con-inner\">\n\t\t\t\t<div class=\"elementor-element elementor-element-53e1e195 elementor-widget elementor-widget-heading\" data-id=\"53e1e195\" data-element_type=\"widget\" data-e-type=\"widget\" data-widget_type=\"heading.default\">\n\t\t\t\t<div class=\"elementor-widget-container\">\n\t\t\t\t\t<h1 class=\"elementor-heading-title elementor-size-default\">Sobre N\u00f3s<\/h1>\t\t\t\t<\/div>\n\t\t\t\t<\/div>\n\t\t\t\t\t<\/div>\n\t\t\t\t<\/div>\n\t\t<div class=\"elementor-element elementor-element-31a74962 e-flex e-con-boxed e-con e-parent\" data-id=\"31a74962\" data-element_type=\"container\" data-e-type=\"container\" data-settings=\"{&quot;background_background&quot;:&quot;classic&quot;,&quot;jet_parallax_layout_list&quot;:[]}\">\n\t\t\t\t\t<div class=\"e-con-inner\">\n\t\t\t\t<div class=\"elementor-element elementor-element-1e22321b elementor-align-left elementor-widget elementor-widget-raven-breadcrumbs\" data-id=\"1e22321b\" data-element_type=\"widget\" data-e-type=\"widget\" data-widget_type=\"raven-breadcrumbs.default\">\n\t\t\t\t<div class=\"elementor-widget-container\">\n\t\t\t\t\t<div class=\"raven-breadcrumbs raven-breadcrumbs-default\"><nav class=\"breadcrumb\">\t\t\t\t<span class=\"breadcrumb-item active\" aria-current=\"page\"><span>Home<\/span><\/span>\n\n\t\t\t\t<\/nav><\/div>\t\t\t\t<\/div>\n\t\t\t\t<\/div>\n\t\t\t\t\t<\/div>\n\t\t\t\t<\/div>\n\t\t<div class=\"elementor-element elementor-element-43bbfe4 e-flex e-con-boxed e-con e-parent\" data-id=\"43bbfe4\" data-element_type=\"container\" data-e-type=\"container\" data-settings=\"{&quot;jet_parallax_layout_list&quot;:[{&quot;jet_parallax_layout_image&quot;:{&quot;url&quot;:&quot;&quot;,&quot;id&quot;:&quot;&quot;,&quot;size&quot;:&quot;&quot;},&quot;_id&quot;:&quot;0ca7625&quot;,&quot;jet_parallax_layout_image_tablet&quot;:{&quot;url&quot;:&quot;&quot;,&quot;id&quot;:&quot;&quot;,&quot;size&quot;:&quot;&quot;},&quot;jet_parallax_layout_image_mobile&quot;:{&quot;url&quot;:&quot;&quot;,&quot;id&quot;:&quot;&quot;,&quot;size&quot;:&quot;&quot;},&quot;jet_parallax_layout_speed&quot;:{&quot;unit&quot;:&quot;%&quot;,&quot;size&quot;:&quot;50&quot;,&quot;sizes&quot;:[]},&quot;jet_parallax_layout_bg_x&quot;:&quot;50&quot;,&quot;jet_parallax_layout_bg_y&quot;:&quot;50&quot;,&quot;jet_parallax_layout_type&quot;:&quot;scroll&quot;,&quot;jet_parallax_layout_direction&quot;:&quot;1&quot;,&quot;jet_parallax_layout_fx_direction&quot;:null,&quot;jet_parallax_layout_z_index&quot;:&quot;&quot;,&quot;jet_parallax_layout_bg_x_tablet&quot;:&quot;&quot;,&quot;jet_parallax_layout_bg_x_mobile&quot;:&quot;&quot;,&quot;jet_parallax_layout_bg_y_tablet&quot;:&quot;&quot;,&quot;jet_parallax_layout_bg_y_mobile&quot;:&quot;&quot;,&quot;jet_parallax_layout_bg_size&quot;:&quot;auto&quot;,&quot;jet_parallax_layout_bg_size_tablet&quot;:&quot;&quot;,&quot;jet_parallax_layout_bg_size_mobile&quot;:&quot;&quot;,&quot;jet_parallax_layout_animation_prop&quot;:&quot;transform&quot;,&quot;jet_parallax_layout_on&quot;:[&quot;desktop&quot;,&quot;tablet&quot;]}]}\">\n\t\t\t\t\t<div class=\"e-con-inner\">\n\t\t<div class=\"elementor-element elementor-element-6512371 e-con-full e-flex e-con e-child\" data-id=\"6512371\" data-element_type=\"container\" data-e-type=\"container\" data-settings=\"{&quot;jet_parallax_layout_list&quot;:[]}\">\n\t\t\t\t<div class=\"elementor-element elementor-element-2eaa922 elementor-align-center elementor-widget elementor-widget-raven-heading\" data-id=\"2eaa922\" data-element_type=\"widget\" data-e-type=\"widget\" data-widget_type=\"raven-heading.default\">\n\t\t\t\t<div class=\"elementor-widget-container\">\n\t\t\t\t\t\t\t<div class=\"raven-widget-wrapper\"><h1 class=\"raven-heading raven-heading-h1\"><span class=\"raven-heading-title \">Sobre a Pexgol<\/span><\/h1><\/div>\n\t\t\t\t\t\t<\/div>\n\t\t\t\t<\/div>\n\t\t\t\t<div class=\"elementor-element elementor-element-2900632 elementor-widget elementor-widget-text-editor\" data-id=\"2900632\" data-element_type=\"widget\" data-e-type=\"widget\" data-widget_type=\"text-editor.default\">\n\t\t\t\t<div class=\"elementor-widget-container\">\n\t\t\t\t\t\t\t\t\t<p>A Pexgol \u00e9 uma solu\u00e7\u00e3o de tubula\u00e7\u00e3o de primeira qualidade desenvolvida pela Golan Renewable Industries Ltd., l\u00edder na produ\u00e7\u00e3o de tubula\u00e7\u00f5es de polietileno reticulado (PE-Xa). Como uma divis\u00e3o da Golan, a Pexgol se beneficia de mais de 50 anos de experi\u00eancia e inova\u00e7\u00e3o em tecnologia de tubula\u00e7\u00f5es, garantindo a mais alta qualidade e confiabilidade em cada aplica\u00e7\u00e3o.<\/p><p>Na Golan, estamos comprometidos em fornecer solu\u00e7\u00f5es de tubula\u00e7\u00e3o robustas e vers\u00e1teis que atendem \u00e0s exigentes demandas de diversas ind\u00fastrias, incluindo minera\u00e7\u00e3o, industrial, aquicultura, petr\u00f3leo e g\u00e1s, e energia distrital.<\/p><p>Nossa miss\u00e3o \u00e9 oferecer produtos superiores que incorporam nossos valores fundamentais de qualidade, inova\u00e7\u00e3o e sustentabilidade.<\/p>\t\t\t\t\t\t\t\t<\/div>\n\t\t\t\t<\/div>\n\t\t\t\t<\/div>\n\t\t\t\t\t<\/div>\n\t\t\t\t<\/div>\n\t\t<div class=\"elementor-element elementor-element-a8e029f e-con-full e-flex e-con e-parent\" data-id=\"a8e029f\" data-element_type=\"container\" data-e-type=\"container\" data-settings=\"{&quot;jet_parallax_layout_list&quot;:[{&quot;jet_parallax_layout_image&quot;:{&quot;url&quot;:&quot;&quot;,&quot;id&quot;:&quot;&quot;,&quot;size&quot;:&quot;&quot;},&quot;_id&quot;:&quot;d8aa7e6&quot;,&quot;jet_parallax_layout_image_tablet&quot;:{&quot;url&quot;:&quot;&quot;,&quot;id&quot;:&quot;&quot;,&quot;size&quot;:&quot;&quot;},&quot;jet_parallax_layout_image_mobile&quot;:{&quot;url&quot;:&quot;&quot;,&quot;id&quot;:&quot;&quot;,&quot;size&quot;:&quot;&quot;},&quot;jet_parallax_layout_speed&quot;:{&quot;unit&quot;:&quot;%&quot;,&quot;size&quot;:&quot;50&quot;,&quot;sizes&quot;:[]},&quot;jet_parallax_layout_bg_x&quot;:&quot;50&quot;,&quot;jet_parallax_layout_bg_y&quot;:&quot;50&quot;,&quot;jet_parallax_layout_type&quot;:&quot;scroll&quot;,&quot;jet_parallax_layout_direction&quot;:&quot;1&quot;,&quot;jet_parallax_layout_fx_direction&quot;:null,&quot;jet_parallax_layout_z_index&quot;:&quot;&quot;,&quot;jet_parallax_layout_bg_x_tablet&quot;:&quot;&quot;,&quot;jet_parallax_layout_bg_x_mobile&quot;:&quot;&quot;,&quot;jet_parallax_layout_bg_y_tablet&quot;:&quot;&quot;,&quot;jet_parallax_layout_bg_y_mobile&quot;:&quot;&quot;,&quot;jet_parallax_layout_bg_size&quot;:&quot;auto&quot;,&quot;jet_parallax_layout_bg_size_tablet&quot;:&quot;&quot;,&quot;jet_parallax_layout_bg_size_mobile&quot;:&quot;&quot;,&quot;jet_parallax_layout_animation_prop&quot;:&quot;transform&quot;,&quot;jet_parallax_layout_on&quot;:[&quot;desktop&quot;,&quot;tablet&quot;]}],&quot;background_background&quot;:&quot;classic&quot;}\">\n\t\t\t\t<div class=\"elementor-element elementor-element-fe2ee85 raven-video-hide-youtube-yes raven-player-style1 elementor-widget elementor-widget-raven-video\" data-id=\"fe2ee85\" data-element_type=\"widget\" data-e-type=\"widget\" data-settings=\"{&quot;youtube_autoplay&quot;:&quot;yes&quot;,&quot;lazyload&quot;:&quot;yes&quot;,&quot;hide_youtube_ui&quot;:&quot;yes&quot;,&quot;video_type&quot;:&quot;youtube&quot;,&quot;auto_hide_controls&quot;:&quot;yes&quot;,&quot;progress_bar&quot;:&quot;yes&quot;,&quot;current_time&quot;:&quot;yes&quot;,&quot;fullscreen&quot;:&quot;yes&quot;,&quot;rewind&quot;:&quot;yes&quot;,&quot;fast_forward&quot;:&quot;yes&quot;}\" data-widget_type=\"raven-video.default\">\n\t\t\t\t<div class=\"elementor-widget-container\">\n\t\t\t\t\t\t\t<div class=\"raven-widget-wrapper sticky-close raven-video-mejs-player\">\n\t\t\t\n\t\t\t\n\t\t\t\t\t\t\n\t\t\t\t\t<div class=\"raven-video raven-video-inline\">\n\t\t\t\t\t\t<iframe class=\"raven-video-mejs-player\" allowfullscreen allow=\"autoplay\" title=\"youtube Video Player\" data-lazy-load=\"https:\/\/www.youtube.com\/embed\/Ja_UBC0itxI?feature=oembed&amp;autoplay=0&amp;loop=0&amp;rel=0&amp;controls=0&amp;showinfo=1&amp;mute=0&amp;wmode=opaque&amp;enablejsapi=1\"><\/iframe>\t\t\t\t\t<\/div>\n\n\t\t\t\t\t<\/div>\n\t\t\t\t\t\t<\/div>\n\t\t\t\t<\/div>\n\t\t\t\t<\/div>\n\t\t\t\t<\/div>\n\t\t","protected":false},"excerpt":{"rendered":"<p>Sobre N\u00f3s Home Sobre a Pexgol A Pexgol \u00e9 uma solu\u00e7\u00e3o de tubula\u00e7\u00e3o de primeira qualidade desenvolvida pela Golan Renewable Industries Ltd., l\u00edder na produ\u00e7\u00e3o de tubula\u00e7\u00f5es de polietileno reticulado (PE-Xa). Como uma divis\u00e3o da Golan, a Pexgol se beneficia de mais de 50 anos de experi\u00eancia e inova\u00e7\u00e3o em tecnologia de tubula\u00e7\u00f5es, garantindo a [&hellip;]<\/p>\n","protected":false},"author":1,"featured_media":0,"parent":0,"menu_order":0,"comment_status":"closed","ping_status":"closed","template":"elementor_header_footer","meta":{"_acf_changed":false,"footnotes":""},"class_list":["post-6111","page","type-page","status-publish","hentry"],"acf":[],"yoast_head":"<!-- This site is optimized with the Yoast SEO plugin v27.2 - https:\/\/yoast.com\/product\/yoast-seo-wordpress\/ -->\n<title>Sobre N\u00f3s - Pexgol<\/title>\n<meta name=\"description\" content=\"Pexgol, a division of Golan Plastic Products, leads globally in heavy-duty Pe-Xa pipe with 30+ years of expertise. Get to know us now.\" \/>\n<meta name=\"robots\" content=\"index, follow, max-snippet:-1, max-image-preview:large, max-video-preview:-1\" \/>\n<link rel=\"canonical\" href=\"https:\/\/www.pexgol.com\/pt\/sobre-nos\/\" \/>\n<meta property=\"og:locale\" content=\"pt_PT\" \/>\n<meta property=\"og:type\" content=\"article\" \/>\n<meta property=\"og:title\" content=\"Sobre N\u00f3s - Pexgol\" \/>\n<meta property=\"og:description\" content=\"Pexgol, a division of Golan Plastic Products, leads globally in heavy-duty Pe-Xa pipe with 30+ years of expertise. Get to know us now.\" \/>\n<meta property=\"og:url\" content=\"https:\/\/www.pexgol.com\/pt\/sobre-nos\/\" \/>\n<meta property=\"og:site_name\" content=\"Pexgol\" \/>\n<meta property=\"article:modified_time\" content=\"2024-07-31T18:30:14+00:00\" \/>\n<meta name=\"twitter:card\" content=\"summary_large_image\" \/>\n<meta name=\"twitter:label1\" content=\"Est. reading time\" \/>\n\t<meta name=\"twitter:data1\" content=\"1 minute\" \/>\n<script type=\"application\/ld+json\" class=\"yoast-schema-graph\">{\"@context\":\"https:\/\/schema.org\",\"@graph\":[{\"@type\":\"WebPage\",\"@id\":\"https:\/\/www.pexgol.com\/pt\/sobre-nos\/\",\"url\":\"https:\/\/www.pexgol.com\/pt\/sobre-nos\/\",\"name\":\"Sobre N\u00f3s - Pexgol\",\"isPartOf\":{\"@id\":\"https:\/\/www.pexgol.com\/pt\/#website\"},\"datePublished\":\"2019-03-06T03:12:16+00:00\",\"dateModified\":\"2024-07-31T18:30:14+00:00\",\"description\":\"Pexgol, a division of Golan Plastic Products, leads globally in heavy-duty Pe-Xa pipe with 30+ years of expertise. Get to know us now.\",\"breadcrumb\":{\"@id\":\"https:\/\/www.pexgol.com\/pt\/sobre-nos\/#breadcrumb\"},\"inLanguage\":\"pt\",\"potentialAction\":[{\"@type\":\"ReadAction\",\"target\":[\"https:\/\/www.pexgol.com\/pt\/sobre-nos\/\"]}]},{\"@type\":\"BreadcrumbList\",\"@id\":\"https:\/\/www.pexgol.com\/pt\/sobre-nos\/#breadcrumb\",\"itemListElement\":[{\"@type\":\"ListItem\",\"position\":1,\"name\":\"Home\",\"item\":\"https:\/\/www.pexgol.com\/pt\/\"},{\"@type\":\"ListItem\",\"position\":2,\"name\":\"Sobre N\u00f3s\"}]},{\"@type\":\"WebSite\",\"@id\":\"https:\/\/www.pexgol.com\/pt\/#website\",\"url\":\"https:\/\/www.pexgol.com\/pt\/\",\"name\":\"Pexgol\",\"description\":\"Pexgol is a global leader of heavy duty PE-Xa pipe material. Pexgol products are chemically unbreakable cross-connection between polyethylene chains.\",\"publisher\":{\"@id\":\"https:\/\/www.pexgol.com\/pt\/#organization\"},\"potentialAction\":[{\"@type\":\"SearchAction\",\"target\":{\"@type\":\"EntryPoint\",\"urlTemplate\":\"https:\/\/www.pexgol.com\/pt\/?s={search_term_string}\"},\"query-input\":{\"@type\":\"PropertyValueSpecification\",\"valueRequired\":true,\"valueName\":\"search_term_string\"}}],\"inLanguage\":\"pt\"},{\"@type\":\"Organization\",\"@id\":\"https:\/\/www.pexgol.com\/pt\/#organization\",\"name\":\"Pexgol\",\"url\":\"https:\/\/www.pexgol.com\/pt\/\",\"logo\":{\"@type\":\"ImageObject\",\"inLanguage\":\"pt\",\"@id\":\"https:\/\/www.pexgol.com\/pt\/#\/schema\/logo\/image\/\",\"url\":\"https:\/\/www.pexgol.com\/wp-content\/uploads\/2020\/02\/logo-pexgol-white.svg\",\"contentUrl\":\"https:\/\/www.pexgol.com\/wp-content\/uploads\/2020\/02\/logo-pexgol-white.svg\",\"width\":827,\"height\":329.2,\"caption\":\"Pexgol\"},\"image\":{\"@id\":\"https:\/\/www.pexgol.com\/pt\/#\/schema\/logo\/image\/\"}}]}<\/script>\n<!-- \/ Yoast SEO plugin. -->","yoast_head_json":{"title":"Sobre N\u00f3s - Pexgol","description":"Pexgol, a division of Golan Plastic Products, leads globally in heavy-duty Pe-Xa pipe with 30+ years of expertise. Get to know us now.","robots":{"index":"index","follow":"follow","max-snippet":"max-snippet:-1","max-image-preview":"max-image-preview:large","max-video-preview":"max-video-preview:-1"},"canonical":"https:\/\/www.pexgol.com\/pt\/sobre-nos\/","og_locale":"pt_PT","og_type":"article","og_title":"Sobre N\u00f3s - Pexgol","og_description":"Pexgol, a division of Golan Plastic Products, leads globally in heavy-duty Pe-Xa pipe with 30+ years of expertise. Get to know us now.","og_url":"https:\/\/www.pexgol.com\/pt\/sobre-nos\/","og_site_name":"Pexgol","article_modified_time":"2024-07-31T18:30:14+00:00","twitter_card":"summary_large_image","twitter_misc":{"Est. reading time":"1 minute"},"schema":{"@context":"https:\/\/schema.org","@graph":[{"@type":"WebPage","@id":"https:\/\/www.pexgol.com\/pt\/sobre-nos\/","url":"https:\/\/www.pexgol.com\/pt\/sobre-nos\/","name":"Sobre N\u00f3s - Pexgol","isPartOf":{"@id":"https:\/\/www.pexgol.com\/pt\/#website"},"datePublished":"2019-03-06T03:12:16+00:00","dateModified":"2024-07-31T18:30:14+00:00","description":"Pexgol, a division of Golan Plastic Products, leads globally in heavy-duty Pe-Xa pipe with 30+ years of expertise. Get to know us now.","breadcrumb":{"@id":"https:\/\/www.pexgol.com\/pt\/sobre-nos\/#breadcrumb"},"inLanguage":"pt","potentialAction":[{"@type":"ReadAction","target":["https:\/\/www.pexgol.com\/pt\/sobre-nos\/"]}]},{"@type":"BreadcrumbList","@id":"https:\/\/www.pexgol.com\/pt\/sobre-nos\/#breadcrumb","itemListElement":[{"@type":"ListItem","position":1,"name":"Home","item":"https:\/\/www.pexgol.com\/pt\/"},{"@type":"ListItem","position":2,"name":"Sobre N\u00f3s"}]},{"@type":"WebSite","@id":"https:\/\/www.pexgol.com\/pt\/#website","url":"https:\/\/www.pexgol.com\/pt\/","name":"Pexgol","description":"Pexgol is a global leader of heavy duty PE-Xa pipe material. Pexgol products are chemically unbreakable cross-connection between polyethylene chains.","publisher":{"@id":"https:\/\/www.pexgol.com\/pt\/#organization"},"potentialAction":[{"@type":"SearchAction","target":{"@type":"EntryPoint","urlTemplate":"https:\/\/www.pexgol.com\/pt\/?s={search_term_string}"},"query-input":{"@type":"PropertyValueSpecification","valueRequired":true,"valueName":"search_term_string"}}],"inLanguage":"pt"},{"@type":"Organization","@id":"https:\/\/www.pexgol.com\/pt\/#organization","name":"Pexgol","url":"https:\/\/www.pexgol.com\/pt\/","logo":{"@type":"ImageObject","inLanguage":"pt","@id":"https:\/\/www.pexgol.com\/pt\/#\/schema\/logo\/image\/","url":"https:\/\/www.pexgol.com\/wp-content\/uploads\/2020\/02\/logo-pexgol-white.svg","contentUrl":"https:\/\/www.pexgol.com\/wp-content\/uploads\/2020\/02\/logo-pexgol-white.svg","width":827,"height":329.2,"caption":"Pexgol"},"image":{"@id":"https:\/\/www.pexgol.com\/pt\/#\/schema\/logo\/image\/"}}]}},"_links":{"self":[{"href":"https:\/\/www.pexgol.com\/pt\/wp-json\/wp\/v2\/pages\/6111","targetHints":{"allow":["GET"]}}],"collection":[{"href":"https:\/\/www.pexgol.com\/pt\/wp-json\/wp\/v2\/pages"}],"about":[{"href":"https:\/\/www.pexgol.com\/pt\/wp-json\/wp\/v2\/types\/page"}],"author":[{"embeddable":true,"href":"https:\/\/www.pexgol.com\/pt\/wp-json\/wp\/v2\/users\/1"}],"replies":[{"embeddable":true,"href":"https:\/\/www.pexgol.com\/pt\/wp-json\/wp\/v2\/comments?post=6111"}],"version-history":[{"count":0,"href":"https:\/\/www.pexgol.com\/pt\/wp-json\/wp\/v2\/pages\/6111\/revisions"}],"wp:attachment":[{"href":"https:\/\/www.pexgol.com\/pt\/wp-json\/wp\/v2\/media?parent=6111"}],"curies":[{"name":"wp","href":"https:\/\/api.w.org\/{rel}","templated":true}]}}